{"id":223,"date":"2018-05-18T14:16:13","date_gmt":"2018-05-18T14:16:13","guid":{"rendered":"http:\/\/rentsimicic.com\/kontakt\/"},"modified":"2024-07-22T11:46:19","modified_gmt":"2024-07-22T11:46:19","slug":"where-are-we-contact","status":"publish","type":"page","link":"https:\/\/rentsimicic.com\/en\/where-are-we-contact\/","title":{"rendered":"Where are we &#038; Contact"},"content":{"rendered":"<p>[vc_row full_width=&#8221;stretch_row_content_no_spaces&#8221; el_class=&#8221;karta&#8221; kswr_row_top_decor_enabled=&#8221;false&#8221; kswr_row_bottom_decor_enabled=&#8221;false&#8221;][vc_column]<div id=\"kswrmap_69f5525f6c4ea\" class=\"kswr_gmap\" style=\"min-height:350px;padding-top:0px;padding-left:0px;padding-right:0px;padding-bottom:0px; margin-top:0px;margin-left:0px;margin-right:0px;margin-bottom:0px; border:0px none transparent;--border-style-realbwidth:0px;\"><\/div>\n\t\t \t<script type=\"text\/javascript\">\n\t\t \t\"use strict\";\n\t\t \tjQuery(function($){\t\t\n\t\t\t\t$(document).ready(function(){\t\t\t\t\n\t\t\t\tvar checkDrag = $(document).width() > 850 ? true : false;\n\t\t\t\ttry{\n\t\t\t\t\tvar gmapSettings = {\n\t\t\t\t\t\tzoom : 15,\n\t\t\t\t\t\tcenter: new google.maps.LatLng(43.499740, 16.260150),\n\t\t\t\t\t\tscrollwheel: false,\n\t\t\t\t\t\tdraggable: checkDrag,\n\t\t\t\t\t\tmapTypeId: google.maps.MapTypeId.ROADMAP,\n\t\t\t\t\t\tscaleControl: true,\n\t\t\t\t\t\tstreetViewControl: false,\n\t\t\t\t\t\tmapTypeControl: false,\n\t\t\t\t\t\tpanControl: true,\n\t\t\t\t\t\tzoomControl: true,\n\t\t\t\t\t}\n\t\t\t\t\tvar theMapContainerkswrmap_69f5525f6c4ea = new google.maps.Map(document.getElementById(\"kswrmap_69f5525f6c4ea\"),gmapSettings);var marker_kswrmapmarker_kswrmap_69f5525f6c4ea = new google.maps.Marker({\n\t\t\t\t\t\t\t\tposition: new google.maps.LatLng(43.499740, 16.260150),\n\t\t\t\t\t\t\t\tanimation:  google.maps.Animation.DROP,\n\t\t\t\t\t\t\t\tmap: theMapContainerkswrmap_69f5525f6c4ea,\n\t\t\t\t\t\t\t\ticon: \"https:\/\/rentsimicic.com\/wp-content\/uploads\/2024\/07\/google-map-pin.png\"\n\t\t\t\t\t\t\t});\n\t\t\t\t\t\tgoogle.maps.event.addListener( marker_kswrmapmarker_kswrmap_69f5525f6c4ea, \"click\", \"toggleBounce\");}catch(e){}\n\t\t\t});\t\n\t\t\t});\n\t\t\t<\/script>[\/vc_column][\/vc_row][vc_row full_width=&#8221;stretch_row&#8221; css=&#8221;.vc_custom_1519673703568{padding-top: 40px !important;padding-bottom: 40px !important;background-color: #fcfcfc !important;background-position: 0 0 !important;background-repeat: repeat !important;}&#8221; el_class=&#8221;treci-div&#8221; kswr_row_top_decor_enabled=&#8221;false&#8221; kswr_row_bottom_decor_enabled=&#8221;false&#8221;][vc_column][vc_custom_heading text=&#8221;Contact with confidence&#8221; font_container=&#8221;tag:h2|text_align:center&#8221; use_theme_fonts=&#8221;yes&#8221; css_animation=&#8221;bounceInUp&#8221;]<div class=\"km-line-sep-container\" style=\"height:3px; margin-top:0px;margin-bottom:20px;margin-left:0px;margin-right:0px; text-align:center;\" data-style=\"from-center\">\n\t\t\t\t<div class=\"km-line-sep-insider\" style=\"    float: left;margin-left: 50%;transform: translateX(-50%);width:100px; height:3px; text-align:center;\">\n\t\t\t\t\t<div class=\"km-line-sep-fill\" style=\"background-color:#dbac00;\"><\/div>\n\t\t\t\t<\/div>\n\t\t\t<\/div>[vc_column_text css_animation=&#8221;fadeInUp&#8221; el_class=&#8221;big&#8221;]<\/p>\n<p style=\"text-align: center;\">No matter what your wishes and needs are, our team will find the ideal solution for you.<\/p>\n<p>[\/vc_column_text][\/vc_column][\/vc_row][vc_row full_width=&#8221;stretch_row&#8221; css=&#8221;.vc_custom_1519673718904{background-color: #f1f1f1 !important;background-position: 0 0 !important;background-repeat: repeat !important;}&#8221; kswr_row_top_decor_enabled=&#8221;false&#8221; kswr_row_bottom_decor_enabled=&#8221;false&#8221;][vc_column width=&#8221;1\/12&#8243;][\/vc_column][vc_column css_animation=&#8221;fadeInLeft&#8221; width=&#8221;5\/12&#8243;][vc_column_text el_class=&#8221;kontakt-info big&#8221; css=&#8221;.vc_custom_1564403016355{background-image: url(http:\/\/rentsimicic.com\/wp-content\/uploads\/2018\/05\/kontakt.png?id=16) !important;}&#8221;]<\/p>\n<h4>G. U. P. OBRT \u0160IMI\u010cI\u0106<\/h4>\n<p><i class=\"fa fa-home \" ><\/i> Okru\u0161ki put 1<br \/>\n<span style=\"margin-left: 18px;\">21223 Okrug Gornji<\/span><br \/>\n<i class=\"fa fa-phone \" ><\/i> Tel: <a href=\"tel:+385915188580\">+385 91 518 58 80<\/a><br \/>\n<i class=\"fa fa-envelope \" ><\/i> E-mail: <a href=\"mailto:info@rentsimicic.com\">info@rentsimicic.com<\/a>[\/vc_column_text][vc_column_text el_class=&#8221;kontakt-radno-vrijeme big&#8221; css=&#8221;.vc_custom_1562309014538{background-image: url(http:\/\/rentsimicic.com\/wp-content\/uploads\/2018\/05\/clock.png?id=17) !important;}&#8221;]<\/p>\n<h4><i class=\"fa fa-clock-o \" ><\/i> Working hours<\/h4>\n<p>Monday &#8211; Sunday: 09 &#8211; 22 h[\/vc_column_text][\/vc_column][vc_column css_animation=&#8221;fadeInRight&#8221; width=&#8221;5\/12&#8243; el_class=&#8221;kontakt-obrazac-div&#8221; css=&#8221;.vc_custom_1522267021520{padding-top: 30px !important;}&#8221;][vc_column_text]<\/p>\n<h4 style=\"text-align: center;\"><span style=\"color: #dbac00;\"><i class=\"fa fa-envelope-o \" ><\/i> Send us a message:<\/span><\/h4>\n<p style=\"text-align: center;\">If you have questions about renting a scooter or want to make a reservation, please fill out the form:<\/p>\n<p>[\/vc_column_text]\n<div class=\"wpcf7 no-js\" id=\"wpcf7-f226-o1\" lang=\"en-US\" dir=\"ltr\">\n<div class=\"screen-reader-response\"><p role=\"status\" aria-live=\"polite\" aria-atomic=\"true\"><\/p> <ul><\/ul><\/div>\n<form action=\"\/en\/wp-json\/wp\/v2\/pages\/223#wpcf7-f226-o1\" method=\"post\" class=\"wpcf7-form init\" aria-label=\"Contact form\" novalidate=\"novalidate\" data-status=\"init\">\n<div style=\"display: none;\">\n<input type=\"hidden\" name=\"_wpcf7\" value=\"226\" \/>\n<input type=\"hidden\" name=\"_wpcf7_version\" value=\"5.9.7\" \/>\n<input type=\"hidden\" name=\"_wpcf7_locale\" value=\"en_US\" \/>\n<input type=\"hidden\" name=\"_wpcf7_unit_tag\" value=\"wpcf7-f226-o1\" \/>\n<input type=\"hidden\" name=\"_wpcf7_container_post\" value=\"0\" \/>\n<input type=\"hidden\" name=\"_wpcf7_posted_data_hash\" value=\"\" \/>\n<input type=\"hidden\" name=\"_wpcf7_recaptcha_response\" value=\"\" \/>\n<\/div>\n<div class=\"column one-second\">\n\t<p><span class=\"wpcf7-form-control-wrap\" data-name=\"your-name\"><input size=\"40\" maxlength=\"400\" class=\"wpcf7-form-control wpcf7-text wpcf7-validates-as-required\" aria-required=\"true\" aria-invalid=\"false\" placeholder=\"Your name\" value=\"\" type=\"text\" name=\"your-name\" \/><\/span>\n\t<\/p>\n<\/div>\n<div class=\"column one-second\">\n\t<p><span class=\"wpcf7-form-control-wrap\" data-name=\"your-email\"><input size=\"40\" maxlength=\"400\" class=\"wpcf7-form-control wpcf7-email wpcf7-validates-as-required wpcf7-text wpcf7-validates-as-email\" aria-required=\"true\" aria-invalid=\"false\" placeholder=\"Your e-mail address\" value=\"\" type=\"email\" name=\"your-email\" \/><\/span>\n\t<\/p>\n<\/div>\n<div class=\"column one\">\n\t<p><span class=\"wpcf7-form-control-wrap\" data-name=\"your-phone\"><input size=\"40\" maxlength=\"400\" class=\"wpcf7-form-control wpcf7-text wpcf7-validates-as-required\" aria-required=\"true\" aria-invalid=\"false\" placeholder=\"Your contact phone\" value=\"\" type=\"text\" name=\"your-phone\" \/><\/span>\n\t<\/p>\n<\/div>\n<div class=\"column one\">\n\t<p><span class=\"wpcf7-form-control-wrap\" data-name=\"your-scooter\"><select class=\"wpcf7-form-control wpcf7-select wpcf7-validates-as-required\" aria-required=\"true\" aria-invalid=\"false\" name=\"your-scooter\"><option value=\"\">Choose a scooter<\/option><option value=\"Piaggio Typhoon\">Piaggio Typhoon<\/option><option value=\"Piaggio Medley 125\">Piaggio Medley 125<\/option><option value=\"Yamaha X-MAX 250\">Yamaha X-MAX 250<\/option><\/select><\/span>\n\t<\/p>\n<\/div>\n<div class=\"column one-second\">\n\t<p><span class=\"wpcf7-form-control-wrap\" data-name=\"date-start\"><input size=\"40\" maxlength=\"400\" class=\"wpcf7-form-control wpcf7-text wpcf7-validates-as-required walcf7-datepicker\" aria-required=\"true\" aria-invalid=\"false\" placeholder=\"Date of rental\" value=\"\" type=\"text\" name=\"date-start\" \/><\/span>\n\t<\/p>\n<\/div>\n<div class=\"column one-second\">\n\t<p><span class=\"wpcf7-form-control-wrap\" data-name=\"date-end\"><input size=\"40\" maxlength=\"400\" class=\"wpcf7-form-control wpcf7-text wpcf7-validates-as-required walcf7-datepicker\" aria-required=\"true\" aria-invalid=\"false\" placeholder=\"Return date\" value=\"\" type=\"text\" name=\"date-end\" \/><\/span>\n\t<\/p>\n<\/div>\n<div class=\"column one\">\n\t<p><span class=\"wpcf7-form-control-wrap\" data-name=\"your-message\"><textarea cols=\"40\" rows=\"5\" maxlength=\"2000\" class=\"wpcf7-form-control wpcf7-textarea\" aria-invalid=\"false\" placeholder=\"Message:\" name=\"your-message\"><\/textarea><\/span>\n\t<\/p>\n<\/div>\n<div class=\"column one\">\n\t<p>This site is protected by reCAPTCHA and the Google <a target=\"_blank\" href=\"https:\/\/policies.google.com\/privacy\">Privacy Policy<\/a> and <a target=\"_blank\" href=\"https:\/\/policies.google.com\/terms\">Terms of Service<\/a> apply.\n\t<\/p>\n<\/div>\n<div class=\"column one\">\n\t<p><input class=\"wpcf7-form-control wpcf7-submit has-spinner button_full_width\" type=\"submit\" value=\"Send\" \/>\n\t<\/p>\n<\/div><div class=\"wpcf7-response-output\" aria-hidden=\"true\"><\/div>\n<\/form>\n<\/div>\n[\/vc_column][vc_column width=&#8221;1\/12&#8243;][\/vc_column][\/vc_row]<\/p>\n","protected":false},"excerpt":{"rendered":"<p>[vc_row full_width=&#8221;stretch_row_content_no_spaces&#8221; el_class=&#8221;karta&#8221; kswr_row_top_decor_enabled=&#8221;false&#8221; kswr_row_bottom_decor_enabled=&#8221;false&#8221;][vc_column][\/vc_column][\/vc_row][vc_row full_width=&#8221;stretch_row&#8221; css=&#8221;.vc_custom_1519673703568{padding-top: 40px !important;padding-bottom: 40px !important;background-color: #fcfcfc !important;background-position: 0 0 !important;background-repeat: repeat !important;}&#8221; el_class=&#8221;treci-div&#8221; kswr_row_top_decor_enabled=&#8221;false&#8221; kswr_row_bottom_decor_enabled=&#8221;false&#8221;][vc_column][vc_custom_heading text=&#8221;Contact with confidence&#8221; font_container=&#8221;tag:h2|text_align:center&#8221; use_theme_fonts=&#8221;yes&#8221;<span class=\"excerpt-hellip\"> [\u2026]<\/span><\/p>\n","protected":false},"author":1,"featured_media":0,"parent":0,"menu_order":0,"comment_status":"closed","ping_status":"closed","template":"","meta":{"footnotes":""},"class_list":["post-223","page","type-page","status-publish","hentry"],"_links":{"self":[{"href":"https:\/\/rentsimicic.com\/en\/wp-json\/wp\/v2\/pages\/223"}],"collection":[{"href":"https:\/\/rentsimicic.com\/en\/wp-json\/wp\/v2\/pages"}],"about":[{"href":"https:\/\/rentsimicic.com\/en\/wp-json\/wp\/v2\/types\/page"}],"author":[{"embeddable":true,"href":"https:\/\/rentsimicic.com\/en\/wp-json\/wp\/v2\/users\/1"}],"replies":[{"embeddable":true,"href":"https:\/\/rentsimicic.com\/en\/wp-json\/wp\/v2\/comments?post=223"}],"version-history":[{"count":6,"href":"https:\/\/rentsimicic.com\/en\/wp-json\/wp\/v2\/pages\/223\/revisions"}],"predecessor-version":[{"id":358,"href":"https:\/\/rentsimicic.com\/en\/wp-json\/wp\/v2\/pages\/223\/revisions\/358"}],"wp:attachment":[{"href":"https:\/\/rentsimicic.com\/en\/wp-json\/wp\/v2\/media?parent=223"}],"curies":[{"name":"wp","href":"https:\/\/api.w.org\/{rel}","templated":true}]}}